{"id":1780,"date":"2025-12-17T08:20:21","date_gmt":"2025-12-17T07:20:21","guid":{"rendered":"https:\/\/bialkaski.pl\/?page_id=1780"},"modified":"2025-12-17T08:25:03","modified_gmt":"2025-12-17T07:25:03","slug":"wycieczki-jednodniowe","status":"publish","type":"page","link":"https:\/\/bialkaski.pl\/de\/wycieczki-jednodniowe\/","title":{"rendered":"Wycieczki jednodniowe"},"content":{"rendered":"","protected":false},"excerpt":{"rendered":"","protected":false},"author":8,"featured_media":1753,"parent":0,"menu_order":0,"comment_status":"closed","ping_status":"closed","template":"","meta":{"_acf_changed":false,"footnotes":""},"acf":[],"yoast_head":"<!-- This site is optimized with the Yoast SEO plugin v22.3 - https:\/\/yoast.com\/wordpress\/plugins\/seo\/ -->\n<title>Aparthotel Bia\u0142ka Ski - Rodzinne, kameralne noclegi o wysokim standardzie w Bia\u0142ce Tatrza\u0144skiej<\/title>\n<meta name=\"description\" content=\"Wycieczki jednodniowe - zarezerwuj nocleg razem z atrakcjami w . Skorzystaj z rabatu dla naszych go\u015bci i odkryj Zakopane razem z nami.\" \/>\n<meta name=\"robots\" content=\"index, follow, max-snippet:-1, max-image-preview:large, max-video-preview:-1\" \/>\n<link rel=\"canonical\" href=\"https:\/\/bialkaski.pl\/de\/wycieczki-jednodniowe\/\" \/>\n<meta property=\"og:locale\" content=\"de_DE\" \/>\n<meta property=\"og:type\" content=\"article\" \/>\n<meta property=\"og:title\" content=\"Aparthotel Bia\u0142ka Ski - Rodzinne, kameralne noclegi o wysokim standardzie w Bia\u0142ce Tatrza\u0144skiej\" \/>\n<meta property=\"og:description\" content=\"Wycieczki jednodniowe - zarezerwuj nocleg razem z atrakcjami w . Skorzystaj z rabatu dla naszych go\u015bci i odkryj Zakopane razem z nami.\" \/>\n<meta property=\"og:url\" content=\"https:\/\/bialkaski.pl\/de\/wycieczki-jednodniowe\/\" \/>\n<meta property=\"og:site_name\" content=\"Aparthotel Bia\u0142ka Ski\" \/>\n<meta property=\"article:modified_time\" content=\"2025-12-17T07:25:03+00:00\" \/>\n<meta property=\"og:image\" content=\"http:\/\/bialkaski.pl\/wp-content\/uploads\/2025\/11\/Kafelki-zima-zako-4.png\" \/>\n\t<meta property=\"og:image:width\" content=\"512\" \/>\n\t<meta property=\"og:image:height\" content=\"350\" \/>\n\t<meta property=\"og:image:type\" content=\"image\/png\" \/>\n<meta name=\"twitter:card\" content=\"summary_large_image\" \/>\n<meta name=\"twitter:label1\" content=\"Gesch\u00e4tzte Lesezeit\" \/>\n\t<meta name=\"twitter:data1\" content=\"1 Minute\" \/>\n<script type=\"application\/ld+json\" class=\"yoast-schema-graph\">{\"@context\":\"https:\/\/schema.org\",\"@graph\":[{\"@type\":\"WebPage\",\"@id\":\"http:\/\/bialkaski.pl\/wycieczki-jednodniowe\/\",\"url\":\"http:\/\/bialkaski.pl\/wycieczki-jednodniowe\/\",\"name\":\"Aparthotel Bia\u0142ka Ski - Rodzinne, kameralne noclegi o wysokim standardzie w Bia\u0142ce Tatrza\u0144skiej\",\"isPartOf\":{\"@id\":\"https:\/\/bialkaski.pl\/#website\"},\"primaryImageOfPage\":{\"@id\":\"http:\/\/bialkaski.pl\/wycieczki-jednodniowe\/#primaryimage\"},\"image\":{\"@id\":\"http:\/\/bialkaski.pl\/wycieczki-jednodniowe\/#primaryimage\"},\"thumbnailUrl\":\"https:\/\/bialkaski.pl\/wp-content\/uploads\/2025\/11\/Kafelki-zima-zako-4.png\",\"datePublished\":\"2025-12-17T07:20:21+00:00\",\"dateModified\":\"2025-12-17T07:25:03+00:00\",\"description\":\"Wycieczki jednodniowe - zarezerwuj nocleg razem z atrakcjami w . Skorzystaj z rabatu dla naszych go\u015bci i odkryj Zakopane razem z nami.\",\"breadcrumb\":{\"@id\":\"http:\/\/bialkaski.pl\/wycieczki-jednodniowe\/#breadcrumb\"},\"inLanguage\":\"de-DE\",\"potentialAction\":[{\"@type\":\"ReadAction\",\"target\":[\"http:\/\/bialkaski.pl\/wycieczki-jednodniowe\/\"]}]},{\"@type\":\"ImageObject\",\"inLanguage\":\"de-DE\",\"@id\":\"http:\/\/bialkaski.pl\/wycieczki-jednodniowe\/#primaryimage\",\"url\":\"https:\/\/bialkaski.pl\/wp-content\/uploads\/2025\/11\/Kafelki-zima-zako-4.png\",\"contentUrl\":\"https:\/\/bialkaski.pl\/wp-content\/uploads\/2025\/11\/Kafelki-zima-zako-4.png\",\"width\":512,\"height\":350},{\"@type\":\"BreadcrumbList\",\"@id\":\"http:\/\/bialkaski.pl\/wycieczki-jednodniowe\/#breadcrumb\",\"itemListElement\":[{\"@type\":\"ListItem\",\"position\":1,\"name\":\"Strona g\u0142\u00f3wna\",\"item\":\"https:\/\/bialkaski.pl\/\"},{\"@type\":\"ListItem\",\"position\":2,\"name\":\"Wycieczki jednodniowe\"}]},{\"@type\":\"WebSite\",\"@id\":\"https:\/\/bialkaski.pl\/#website\",\"url\":\"https:\/\/bialkaski.pl\/\",\"name\":\"Bia\u0142ka Ski - Rodzinne, kameralne apartamenty w Bia\u0142ce Tatrza\u0144skiej\",\"description\":\"Rodzinne, kameralne noclegi o wysokim standardzie w Bia\u0142ce Tatrza\u0144skiej\",\"publisher\":{\"@id\":\"https:\/\/bialkaski.pl\/#organization\"},\"potentialAction\":[{\"@type\":\"SearchAction\",\"target\":{\"@type\":\"EntryPoint\",\"urlTemplate\":\"https:\/\/bialkaski.pl\/?s={search_term_string}\"},\"query-input\":\"required name=search_term_string\"}],\"inLanguage\":\"de-DE\"},{\"@type\":\"Organization\",\"@id\":\"https:\/\/bialkaski.pl\/#organization\",\"name\":\"Aparthotel Bia\u0142ka Ski\",\"url\":\"https:\/\/bialkaski.pl\/\",\"logo\":{\"@type\":\"ImageObject\",\"inLanguage\":\"de-DE\",\"@id\":\"https:\/\/bialkaski.pl\/#\/schema\/logo\/image\/\",\"url\":\"https:\/\/bialkaski.pl\/wp-content\/uploads\/2025\/07\/logo_bialka_ski_final.pdf.png\",\"contentUrl\":\"https:\/\/bialkaski.pl\/wp-content\/uploads\/2025\/07\/logo_bialka_ski_final.pdf.png\",\"width\":2000,\"height\":2000,\"caption\":\"Aparthotel Bia\u0142ka Ski\"},\"image\":{\"@id\":\"https:\/\/bialkaski.pl\/#\/schema\/logo\/image\/\"}}]}<\/script>\n<!-- \/ Yoast SEO plugin. -->","yoast_head_json":{"title":"Aparthotel Bia\u0142ka Ski - Rodzinne, kameralne noclegi o wysokim standardzie w Bia\u0142ce Tatrza\u0144skiej","description":"Wycieczki jednodniowe - zarezerwuj nocleg razem z atrakcjami w . Skorzystaj z rabatu dla naszych go\u015bci i odkryj Zakopane razem z nami.","robots":{"index":"index","follow":"follow","max-snippet":"max-snippet:-1","max-image-preview":"max-image-preview:large","max-video-preview":"max-video-preview:-1"},"canonical":"https:\/\/bialkaski.pl\/de\/wycieczki-jednodniowe\/","og_locale":"de_DE","og_type":"article","og_title":"Aparthotel Bia\u0142ka Ski - Rodzinne, kameralne noclegi o wysokim standardzie w Bia\u0142ce Tatrza\u0144skiej","og_description":"Wycieczki jednodniowe - zarezerwuj nocleg razem z atrakcjami w . Skorzystaj z rabatu dla naszych go\u015bci i odkryj Zakopane razem z nami.","og_url":"https:\/\/bialkaski.pl\/de\/wycieczki-jednodniowe\/","og_site_name":"Aparthotel Bia\u0142ka Ski","article_modified_time":"2025-12-17T07:25:03+00:00","og_image":[{"width":512,"height":350,"url":"http:\/\/bialkaski.pl\/wp-content\/uploads\/2025\/11\/Kafelki-zima-zako-4.png","type":"image\/png"}],"twitter_card":"summary_large_image","twitter_misc":{"Gesch\u00e4tzte Lesezeit":"1 Minute"},"schema":{"@context":"https:\/\/schema.org","@graph":[{"@type":"WebPage","@id":"http:\/\/bialkaski.pl\/wycieczki-jednodniowe\/","url":"http:\/\/bialkaski.pl\/wycieczki-jednodniowe\/","name":"Aparthotel Bia\u0142ka Ski - Rodzinne, kameralne noclegi o wysokim standardzie w Bia\u0142ce Tatrza\u0144skiej","isPartOf":{"@id":"https:\/\/bialkaski.pl\/#website"},"primaryImageOfPage":{"@id":"http:\/\/bialkaski.pl\/wycieczki-jednodniowe\/#primaryimage"},"image":{"@id":"http:\/\/bialkaski.pl\/wycieczki-jednodniowe\/#primaryimage"},"thumbnailUrl":"https:\/\/bialkaski.pl\/wp-content\/uploads\/2025\/11\/Kafelki-zima-zako-4.png","datePublished":"2025-12-17T07:20:21+00:00","dateModified":"2025-12-17T07:25:03+00:00","description":"Wycieczki jednodniowe - zarezerwuj nocleg razem z atrakcjami w . Skorzystaj z rabatu dla naszych go\u015bci i odkryj Zakopane razem z nami.","breadcrumb":{"@id":"http:\/\/bialkaski.pl\/wycieczki-jednodniowe\/#breadcrumb"},"inLanguage":"de-DE","potentialAction":[{"@type":"ReadAction","target":["http:\/\/bialkaski.pl\/wycieczki-jednodniowe\/"]}]},{"@type":"ImageObject","inLanguage":"de-DE","@id":"http:\/\/bialkaski.pl\/wycieczki-jednodniowe\/#primaryimage","url":"https:\/\/bialkaski.pl\/wp-content\/uploads\/2025\/11\/Kafelki-zima-zako-4.png","contentUrl":"https:\/\/bialkaski.pl\/wp-content\/uploads\/2025\/11\/Kafelki-zima-zako-4.png","width":512,"height":350},{"@type":"BreadcrumbList","@id":"http:\/\/bialkaski.pl\/wycieczki-jednodniowe\/#breadcrumb","itemListElement":[{"@type":"ListItem","position":1,"name":"Strona g\u0142\u00f3wna","item":"https:\/\/bialkaski.pl\/"},{"@type":"ListItem","position":2,"name":"Wycieczki jednodniowe"}]},{"@type":"WebSite","@id":"https:\/\/bialkaski.pl\/#website","url":"https:\/\/bialkaski.pl\/","name":"Bia\u0142ka Ski - Rodzinne, kameralne apartamenty w Bia\u0142ce Tatrza\u0144skiej","description":"Rodzinne, kameralne noclegi o wysokim standardzie w Bia\u0142ce Tatrza\u0144skiej","publisher":{"@id":"https:\/\/bialkaski.pl\/#organization"},"potentialAction":[{"@type":"SearchAction","target":{"@type":"EntryPoint","urlTemplate":"https:\/\/bialkaski.pl\/?s={search_term_string}"},"query-input":"required name=search_term_string"}],"inLanguage":"de-DE"},{"@type":"Organization","@id":"https:\/\/bialkaski.pl\/#organization","name":"Aparthotel Bia\u0142ka Ski","url":"https:\/\/bialkaski.pl\/","logo":{"@type":"ImageObject","inLanguage":"de-DE","@id":"https:\/\/bialkaski.pl\/#\/schema\/logo\/image\/","url":"https:\/\/bialkaski.pl\/wp-content\/uploads\/2025\/07\/logo_bialka_ski_final.pdf.png","contentUrl":"https:\/\/bialkaski.pl\/wp-content\/uploads\/2025\/07\/logo_bialka_ski_final.pdf.png","width":2000,"height":2000,"caption":"Aparthotel Bia\u0142ka Ski"},"image":{"@id":"https:\/\/bialkaski.pl\/#\/schema\/logo\/image\/"}}]}},"_links":{"self":[{"href":"https:\/\/bialkaski.pl\/de\/wp-json\/wp\/v2\/pages\/1780"}],"collection":[{"href":"https:\/\/bialkaski.pl\/de\/wp-json\/wp\/v2\/pages"}],"about":[{"href":"https:\/\/bialkaski.pl\/de\/wp-json\/wp\/v2\/types\/page"}],"author":[{"embeddable":true,"href":"https:\/\/bialkaski.pl\/de\/wp-json\/wp\/v2\/users\/8"}],"replies":[{"embeddable":true,"href":"https:\/\/bialkaski.pl\/de\/wp-json\/wp\/v2\/comments?post=1780"}],"version-history":[{"count":1,"href":"https:\/\/bialkaski.pl\/de\/wp-json\/wp\/v2\/pages\/1780\/revisions"}],"predecessor-version":[{"id":1781,"href":"https:\/\/bialkaski.pl\/de\/wp-json\/wp\/v2\/pages\/1780\/revisions\/1781"}],"wp:featuredmedia":[{"embeddable":true,"href":"https:\/\/bialkaski.pl\/de\/wp-json\/wp\/v2\/media\/1753"}],"wp:attachment":[{"href":"https:\/\/bialkaski.pl\/de\/wp-json\/wp\/v2\/media?parent=1780"}],"curies":[{"name":"wp","href":"https:\/\/api.w.org\/{rel}","templated":true}]}}