{"id":1460,"date":"2025-07-28T11:34:30","date_gmt":"2025-07-28T09:34:30","guid":{"rendered":"https:\/\/bialkaski.pl\/?page_id=1460"},"modified":"2025-12-11T08:21:27","modified_gmt":"2025-12-11T07:21:27","slug":"ap-6os-dwupoziomowy","status":"publish","type":"page","link":"https:\/\/bialkaski.pl\/de\/ap-6os-dwupoziomowy\/","title":{"rendered":"Apartament 6 - osobowy - dwupoziomowy"},"content":{"rendered":"","protected":false},"excerpt":{"rendered":"","protected":false},"author":8,"featured_media":1360,"parent":0,"menu_order":0,"comment_status":"closed","ping_status":"closed","template":"","meta":{"_acf_changed":false,"footnotes":""},"acf":[],"yoast_head":"<!-- This site is optimized with the Yoast SEO plugin v22.3 - https:\/\/yoast.com\/wordpress\/plugins\/seo\/ -->\n<title>Bia\u0142ka Ski - Aparthotel - Apartament 6 - osobowy - dwupoziomowy<\/title>\n<meta name=\"description\" content=\"Aparthotel w Bia\u0142ce Tatrza\u0144skiej - wolne apartamenty Bia\u0142ka Tatrza\u0144ska - Apartament 6 - osobowy - dwupoziomowy.\" \/>\n<meta name=\"robots\" content=\"index, follow, max-snippet:-1, max-image-preview:large, max-video-preview:-1\" \/>\n<link rel=\"canonical\" href=\"https:\/\/bialkaski.pl\/de\/ap-6os-dwupoziomowy\/\" \/>\n<meta property=\"og:locale\" content=\"de_DE\" \/>\n<meta property=\"og:type\" content=\"article\" \/>\n<meta property=\"og:title\" content=\"Bia\u0142ka Ski - Aparthotel - Apartament 6 - osobowy - dwupoziomowy\" \/>\n<meta property=\"og:description\" content=\"Aparthotel w Bia\u0142ce Tatrza\u0144skiej - wolne apartamenty Bia\u0142ka Tatrza\u0144ska - Apartament 6 - osobowy - dwupoziomowy.\" \/>\n<meta property=\"og:url\" content=\"https:\/\/bialkaski.pl\/de\/ap-6os-dwupoziomowy\/\" \/>\n<meta property=\"og:site_name\" content=\"Aparthotel Bia\u0142ka Ski\" \/>\n<meta property=\"article:modified_time\" content=\"2025-12-11T07:21:27+00:00\" \/>\n<meta property=\"og:image\" content=\"https:\/\/bialkaski.pl\/wp-content\/uploads\/2025\/07\/20250716_1209_Naturalna-Sesja-Wnetrza_remix_01k09b8n3vfn88mw3cgtth2t9c-1024x683.png\" \/>\n\t<meta property=\"og:image:width\" content=\"1024\" \/>\n\t<meta property=\"og:image:height\" content=\"683\" \/>\n\t<meta property=\"og:image:type\" content=\"image\/png\" \/>\n<meta name=\"twitter:card\" content=\"summary_large_image\" \/>\n<meta name=\"twitter:label1\" content=\"Gesch\u00e4tzte Lesezeit\" \/>\n\t<meta name=\"twitter:data1\" content=\"5 Minuten\" \/>\n<script type=\"application\/ld+json\" class=\"yoast-schema-graph\">{\"@context\":\"https:\/\/schema.org\",\"@graph\":[{\"@type\":\"WebPage\",\"@id\":\"https:\/\/bialkaski.pl\/de\/ap-6os-dwupoziomowy\/\",\"url\":\"https:\/\/bialkaski.pl\/de\/ap-6os-dwupoziomowy\/\",\"name\":\"Bia\u0142ka Ski - Aparthotel - Apartament 6 - osobowy - dwupoziomowy\",\"isPartOf\":{\"@id\":\"https:\/\/bialkaski.pl\/#website\"},\"primaryImageOfPage\":{\"@id\":\"https:\/\/bialkaski.pl\/de\/ap-6os-dwupoziomowy\/#primaryimage\"},\"image\":{\"@id\":\"https:\/\/bialkaski.pl\/de\/ap-6os-dwupoziomowy\/#primaryimage\"},\"thumbnailUrl\":\"https:\/\/bialkaski.pl\/wp-content\/uploads\/2025\/07\/20250716_1209_Naturalna-Sesja-Wnetrza_remix_01k09b8n3vfn88mw3cgtth2t9c.png\",\"datePublished\":\"2025-07-28T09:34:30+00:00\",\"dateModified\":\"2025-12-11T07:21:27+00:00\",\"description\":\"Aparthotel w Bia\u0142ce Tatrza\u0144skiej - wolne apartamenty Bia\u0142ka Tatrza\u0144ska - Apartament 6 - osobowy - dwupoziomowy.\",\"breadcrumb\":{\"@id\":\"https:\/\/bialkaski.pl\/de\/ap-6os-dwupoziomowy\/#breadcrumb\"},\"inLanguage\":\"de-DE\",\"potentialAction\":[{\"@type\":\"ReadAction\",\"target\":[\"https:\/\/bialkaski.pl\/de\/ap-6os-dwupoziomowy\/\"]}]},{\"@type\":\"ImageObject\",\"inLanguage\":\"de-DE\",\"@id\":\"https:\/\/bialkaski.pl\/de\/ap-6os-dwupoziomowy\/#primaryimage\",\"url\":\"https:\/\/bialkaski.pl\/wp-content\/uploads\/2025\/07\/20250716_1209_Naturalna-Sesja-Wnetrza_remix_01k09b8n3vfn88mw3cgtth2t9c.png\",\"contentUrl\":\"https:\/\/bialkaski.pl\/wp-content\/uploads\/2025\/07\/20250716_1209_Naturalna-Sesja-Wnetrza_remix_01k09b8n3vfn88mw3cgtth2t9c.png\",\"width\":1536,\"height\":1024},{\"@type\":\"BreadcrumbList\",\"@id\":\"https:\/\/bialkaski.pl\/de\/ap-6os-dwupoziomowy\/#breadcrumb\",\"itemListElement\":[{\"@type\":\"ListItem\",\"position\":1,\"name\":\"Strona g\u0142\u00f3wna\",\"item\":\"https:\/\/bialkaski.pl\/\"},{\"@type\":\"ListItem\",\"position\":2,\"name\":\"Apartament 6 - osobowy - dwupoziomowy\"}]},{\"@type\":\"WebSite\",\"@id\":\"https:\/\/bialkaski.pl\/#website\",\"url\":\"https:\/\/bialkaski.pl\/\",\"name\":\"Bia\u0142ka Ski - Rodzinne, kameralne apartamenty w Bia\u0142ce Tatrza\u0144skiej\",\"description\":\"Rodzinne, kameralne noclegi o wysokim standardzie w Bia\u0142ce Tatrza\u0144skiej\",\"publisher\":{\"@id\":\"https:\/\/bialkaski.pl\/#organization\"},\"potentialAction\":[{\"@type\":\"SearchAction\",\"target\":{\"@type\":\"EntryPoint\",\"urlTemplate\":\"https:\/\/bialkaski.pl\/?s={search_term_string}\"},\"query-input\":\"required name=search_term_string\"}],\"inLanguage\":\"de-DE\"},{\"@type\":\"Organization\",\"@id\":\"https:\/\/bialkaski.pl\/#organization\",\"name\":\"Aparthotel Bia\u0142ka Ski\",\"url\":\"https:\/\/bialkaski.pl\/\",\"logo\":{\"@type\":\"ImageObject\",\"inLanguage\":\"de-DE\",\"@id\":\"https:\/\/bialkaski.pl\/#\/schema\/logo\/image\/\",\"url\":\"https:\/\/bialkaski.pl\/wp-content\/uploads\/2025\/07\/logo_bialka_ski_final.pdf.png\",\"contentUrl\":\"https:\/\/bialkaski.pl\/wp-content\/uploads\/2025\/07\/logo_bialka_ski_final.pdf.png\",\"width\":2000,\"height\":2000,\"caption\":\"Aparthotel Bia\u0142ka Ski\"},\"image\":{\"@id\":\"https:\/\/bialkaski.pl\/#\/schema\/logo\/image\/\"}}]}<\/script>\n<!-- \/ Yoast SEO plugin. -->","yoast_head_json":{"title":"Bia\u0142ka Ski - Aparthotel - Apartament 6 - osobowy - dwupoziomowy","description":"Aparthotel w Bia\u0142ce Tatrza\u0144skiej - wolne apartamenty Bia\u0142ka Tatrza\u0144ska - Apartament 6 - osobowy - dwupoziomowy.","robots":{"index":"index","follow":"follow","max-snippet":"max-snippet:-1","max-image-preview":"max-image-preview:large","max-video-preview":"max-video-preview:-1"},"canonical":"https:\/\/bialkaski.pl\/de\/ap-6os-dwupoziomowy\/","og_locale":"de_DE","og_type":"article","og_title":"Bia\u0142ka Ski - Aparthotel - Apartament 6 - osobowy - dwupoziomowy","og_description":"Aparthotel w Bia\u0142ce Tatrza\u0144skiej - wolne apartamenty Bia\u0142ka Tatrza\u0144ska - Apartament 6 - osobowy - dwupoziomowy.","og_url":"https:\/\/bialkaski.pl\/de\/ap-6os-dwupoziomowy\/","og_site_name":"Aparthotel Bia\u0142ka Ski","article_modified_time":"2025-12-11T07:21:27+00:00","og_image":[{"width":1024,"height":683,"url":"https:\/\/bialkaski.pl\/wp-content\/uploads\/2025\/07\/20250716_1209_Naturalna-Sesja-Wnetrza_remix_01k09b8n3vfn88mw3cgtth2t9c-1024x683.png","type":"image\/png"}],"twitter_card":"summary_large_image","twitter_misc":{"Gesch\u00e4tzte Lesezeit":"5 Minuten"},"schema":{"@context":"https:\/\/schema.org","@graph":[{"@type":"WebPage","@id":"https:\/\/bialkaski.pl\/de\/ap-6os-dwupoziomowy\/","url":"https:\/\/bialkaski.pl\/de\/ap-6os-dwupoziomowy\/","name":"Bia\u0142ka Ski - Aparthotel - Apartament 6 - osobowy - dwupoziomowy","isPartOf":{"@id":"https:\/\/bialkaski.pl\/#website"},"primaryImageOfPage":{"@id":"https:\/\/bialkaski.pl\/de\/ap-6os-dwupoziomowy\/#primaryimage"},"image":{"@id":"https:\/\/bialkaski.pl\/de\/ap-6os-dwupoziomowy\/#primaryimage"},"thumbnailUrl":"https:\/\/bialkaski.pl\/wp-content\/uploads\/2025\/07\/20250716_1209_Naturalna-Sesja-Wnetrza_remix_01k09b8n3vfn88mw3cgtth2t9c.png","datePublished":"2025-07-28T09:34:30+00:00","dateModified":"2025-12-11T07:21:27+00:00","description":"Aparthotel w Bia\u0142ce Tatrza\u0144skiej - wolne apartamenty Bia\u0142ka Tatrza\u0144ska - Apartament 6 - osobowy - dwupoziomowy.","breadcrumb":{"@id":"https:\/\/bialkaski.pl\/de\/ap-6os-dwupoziomowy\/#breadcrumb"},"inLanguage":"de-DE","potentialAction":[{"@type":"ReadAction","target":["https:\/\/bialkaski.pl\/de\/ap-6os-dwupoziomowy\/"]}]},{"@type":"ImageObject","inLanguage":"de-DE","@id":"https:\/\/bialkaski.pl\/de\/ap-6os-dwupoziomowy\/#primaryimage","url":"https:\/\/bialkaski.pl\/wp-content\/uploads\/2025\/07\/20250716_1209_Naturalna-Sesja-Wnetrza_remix_01k09b8n3vfn88mw3cgtth2t9c.png","contentUrl":"https:\/\/bialkaski.pl\/wp-content\/uploads\/2025\/07\/20250716_1209_Naturalna-Sesja-Wnetrza_remix_01k09b8n3vfn88mw3cgtth2t9c.png","width":1536,"height":1024},{"@type":"BreadcrumbList","@id":"https:\/\/bialkaski.pl\/de\/ap-6os-dwupoziomowy\/#breadcrumb","itemListElement":[{"@type":"ListItem","position":1,"name":"Strona g\u0142\u00f3wna","item":"https:\/\/bialkaski.pl\/"},{"@type":"ListItem","position":2,"name":"Apartament 6 - osobowy - dwupoziomowy"}]},{"@type":"WebSite","@id":"https:\/\/bialkaski.pl\/#website","url":"https:\/\/bialkaski.pl\/","name":"Bia\u0142ka Ski - Rodzinne, kameralne apartamenty w Bia\u0142ce Tatrza\u0144skiej","description":"Rodzinne, kameralne noclegi o wysokim standardzie w Bia\u0142ce Tatrza\u0144skiej","publisher":{"@id":"https:\/\/bialkaski.pl\/#organization"},"potentialAction":[{"@type":"SearchAction","target":{"@type":"EntryPoint","urlTemplate":"https:\/\/bialkaski.pl\/?s={search_term_string}"},"query-input":"required name=search_term_string"}],"inLanguage":"de-DE"},{"@type":"Organization","@id":"https:\/\/bialkaski.pl\/#organization","name":"Aparthotel Bia\u0142ka Ski","url":"https:\/\/bialkaski.pl\/","logo":{"@type":"ImageObject","inLanguage":"de-DE","@id":"https:\/\/bialkaski.pl\/#\/schema\/logo\/image\/","url":"https:\/\/bialkaski.pl\/wp-content\/uploads\/2025\/07\/logo_bialka_ski_final.pdf.png","contentUrl":"https:\/\/bialkaski.pl\/wp-content\/uploads\/2025\/07\/logo_bialka_ski_final.pdf.png","width":2000,"height":2000,"caption":"Aparthotel Bia\u0142ka Ski"},"image":{"@id":"https:\/\/bialkaski.pl\/#\/schema\/logo\/image\/"}}]}},"_links":{"self":[{"href":"https:\/\/bialkaski.pl\/de\/wp-json\/wp\/v2\/pages\/1460"}],"collection":[{"href":"https:\/\/bialkaski.pl\/de\/wp-json\/wp\/v2\/pages"}],"about":[{"href":"https:\/\/bialkaski.pl\/de\/wp-json\/wp\/v2\/types\/page"}],"author":[{"embeddable":true,"href":"https:\/\/bialkaski.pl\/de\/wp-json\/wp\/v2\/users\/8"}],"replies":[{"embeddable":true,"href":"https:\/\/bialkaski.pl\/de\/wp-json\/wp\/v2\/comments?post=1460"}],"version-history":[{"count":2,"href":"https:\/\/bialkaski.pl\/de\/wp-json\/wp\/v2\/pages\/1460\/revisions"}],"predecessor-version":[{"id":1506,"href":"https:\/\/bialkaski.pl\/de\/wp-json\/wp\/v2\/pages\/1460\/revisions\/1506"}],"wp:featuredmedia":[{"embeddable":true,"href":"https:\/\/bialkaski.pl\/de\/wp-json\/wp\/v2\/media\/1360"}],"wp:attachment":[{"href":"https:\/\/bialkaski.pl\/de\/wp-json\/wp\/v2\/media?parent=1460"}],"curies":[{"name":"wp","href":"https:\/\/api.w.org\/{rel}","templated":true}]}}